{"id":923,"date":"2022-03-30T23:14:55","date_gmt":"2022-03-30T21:14:55","guid":{"rendered":"https:\/\/energie-massageschule.com\/?page_id=923"},"modified":"2024-12-01T09:04:44","modified_gmt":"2024-12-01T08:04:44","slug":"blog-2","status":"publish","type":"page","link":"https:\/\/energie-massageschule.com\/home\/blog-2\/","title":{"rendered":"BLOG"},"content":{"rendered":"<p>[et_pb_section fb_built=&#8220;1&#8243; disabled_on=&#8220;on|on|off&#8220; admin_label=&#8220;Page Title Section&#8220; _builder_version=&#8220;4.16&#8243; background_color_gradient_direction=&#8220;115deg&#8220; background_image=&#8220;https:\/\/energie-massageschule.com\/wp-content\/uploads\/2022\/04\/Titelbild-Praxis-Schwaderloch-2.png&#8220; parallax=&#8220;on&#8220; parallax_method=&#8220;off&#8220; custom_padding=&#8220;58px||0px|||&#8220; da_disable_devices=&#8220;off|off|off&#8220; global_colors_info=&#8220;{}&#8220; da_is_popup=&#8220;off&#8220; da_exit_intent=&#8220;off&#8220; da_has_close=&#8220;on&#8220; da_alt_close=&#8220;off&#8220; da_dark_close=&#8220;off&#8220; da_not_modal=&#8220;on&#8220; da_is_singular=&#8220;off&#8220; da_with_loader=&#8220;off&#8220; da_has_shadow=&#8220;on&#8220;][et_pb_row _builder_version=&#8220;4.16&#8243; background_color=&#8220;rgba(56,62,89,0.61)&#8220; background_size=&#8220;initial&#8220; background_position=&#8220;top_left&#8220; background_repeat=&#8220;repeat&#8220; max_width=&#8220;960px&#8220; custom_margin=&#8220;|||0px&#8220; custom_padding=&#8220;27px|40px|0px|10%||&#8220; animation_style=&#8220;slide&#8220; animation_direction=&#8220;left&#8220; animation_intensity_slide=&#8220;2%&#8220; border_radii=&#8220;||6px|6px|&#8220; border_width_right=&#8220;30px&#8220; border_color_right=&#8220;#bdada0&#8243; use_custom_width=&#8220;on&#8220; custom_width_px=&#8220;960px&#8220; locked=&#8220;off&#8220; global_colors_info=&#8220;{}&#8220;][et_pb_column type=&#8220;4_4&#8243; _builder_version=&#8220;4.16&#8243; custom_padding=&#8220;|||&#8220; custom_padding_tablet=&#8220;|||10%&#8220; custom_padding_last_edited=&#8220;off|desktop&#8220; global_colors_info=&#8220;{}&#8220; padding_tablet=&#8220;|||10%&#8220; padding_last_edited=&#8220;off|desktop&#8220; custom_padding__hover=&#8220;|||&#8220;][et_pb_text admin_label=&#8220;Title&#8220; _builder_version=&#8220;4.16&#8243; text_font=&#8220;||||||||&#8220; header_font=&#8220;Abhaya Libre|700|||||||&#8220; header_font_size=&#8220;70px&#8220; header_line_height=&#8220;1.2em&#8220; header_4_font=&#8220;||||||||&#8220; background_layout=&#8220;dark&#8220; custom_margin=&#8220;|||&#8220; custom_padding=&#8220;|||&#8220; header_font_size_tablet=&#8220;40px&#8220; header_font_size_phone=&#8220;&#8220; header_font_size_last_edited=&#8220;on|tablet&#8220; global_colors_info=&#8220;{}&#8220;]<\/p>\n<h1>Energie-Massage Blog<\/h1>\n<p>[\/et_pb_text][\/et_pb_column][\/et_pb_row][et_pb_row column_structure=&#8220;3_4,1_4&#8243; _builder_version=&#8220;4.16&#8243; background_color=&#8220;rgba(56,62,89,0.61)&#8220; background_size=&#8220;initial&#8220; background_position=&#8220;top_left&#8220; background_repeat=&#8220;repeat&#8220; max_width=&#8220;960px&#8220; custom_margin=&#8220;|||0px&#8220; custom_padding=&#8220;27px|40px||10%&#8220; animation_style=&#8220;slide&#8220; animation_direction=&#8220;left&#8220; animation_intensity_slide=&#8220;2%&#8220; border_radii=&#8220;||6px|6px|&#8220; border_width_right=&#8220;30px&#8220; border_color_right=&#8220;#bdada0&#8243; use_custom_width=&#8220;on&#8220; custom_width_px=&#8220;960px&#8220; locked=&#8220;off&#8220; global_colors_info=&#8220;{}&#8220;][et_pb_column type=&#8220;3_4&#8243; _builder_version=&#8220;4.16&#8243; custom_padding=&#8220;|||&#8220; custom_padding_tablet=&#8220;|||10%&#8220; custom_padding_last_edited=&#8220;off|desktop&#8220; global_colors_info=&#8220;{}&#8220; padding_tablet=&#8220;|||10%&#8220; padding_last_edited=&#8220;off|desktop&#8220; custom_padding__hover=&#8220;|||&#8220;][et_pb_text _builder_version=&#8220;4.16&#8243; _module_preset=&#8220;default&#8220; text_text_color=&#8220;#FFFFFF&#8220; global_colors_info=&#8220;{}&#8220;]<\/p>\n<p style=\"text-align: center;\"><strong>Aloha liebe Massage-Fans<\/strong><\/p>\n<p style=\"text-align: justify;\">Lasst euch verzaubern und lernt die fantastische Welt der Energie-Massagen, wie zum Beispiel der Lomi Lomi Massage kennen.<\/p>\n<p style=\"text-align: justify;\">In meinen Blogartikeln erz\u00e4hle ich dir, von meiner Praxis, meiner Arbeit mit Energie-Massagen, und ich gebe dir Tipps wie du deine Behandlungen erweitern, und gestalten kannst. Der Blog ist f\u00fcr Massage-Anf\u00e4nger und Profis wertvoll, also am Besten gleich abonnieren!<\/p>\n<p>[\/et_pb_text][\/et_pb_column][et_pb_column type=&#8220;1_4&#8243; _builder_version=&#8220;4.16&#8243; custom_padding=&#8220;|||&#8220; custom_padding_tablet=&#8220;|||10%&#8220; custom_padding_last_edited=&#8220;off|desktop&#8220; global_colors_info=&#8220;{}&#8220; padding_tablet=&#8220;|||10%&#8220; padding_last_edited=&#8220;off|desktop&#8220; custom_padding__hover=&#8220;|||&#8220;][et_pb_image src=&#8220;https:\/\/energie-massageschule.com\/wp-content\/uploads\/2022\/04\/Tanja-Burgstaller-Titelbild-Blog-1.png&#8220; title_text=&#8220;Tanja Burgstaller Energie-Massageschule  Blog&#8220; _builder_version=&#8220;4.16&#8243; _module_preset=&#8220;default&#8220; global_colors_info=&#8220;{}&#8220;][\/et_pb_image][\/et_pb_column][\/et_pb_row][\/et_pb_section][et_pb_section fb_built=&#8220;1&#8243; disabled_on=&#8220;off|off|on&#8220; _builder_version=&#8220;4.16&#8243; _module_preset=&#8220;default&#8220; da_disable_devices=&#8220;off|off|off&#8220; global_colors_info=&#8220;{}&#8220; da_is_popup=&#8220;off&#8220; da_exit_intent=&#8220;off&#8220; da_has_close=&#8220;on&#8220; da_alt_close=&#8220;off&#8220; da_dark_close=&#8220;off&#8220; da_not_modal=&#8220;on&#8220; da_is_singular=&#8220;off&#8220; da_with_loader=&#8220;off&#8220; da_has_shadow=&#8220;on&#8220;][et_pb_row _builder_version=&#8220;4.16&#8243; _module_preset=&#8220;default&#8220; global_colors_info=&#8220;{}&#8220;][et_pb_column type=&#8220;4_4&#8243; _builder_version=&#8220;4.16&#8243; _module_preset=&#8220;default&#8220; global_colors_info=&#8220;{}&#8220;][et_pb_text admin_label=&#8220;Title&#8220; _builder_version=&#8220;4.16&#8243; text_font=&#8220;||||||||&#8220; header_font=&#8220;Abhaya Libre|700|||||||&#8220; header_font_size=&#8220;70px&#8220; header_line_height=&#8220;1.2em&#8220; header_4_font=&#8220;||||||||&#8220; background_layout=&#8220;dark&#8220; custom_margin=&#8220;|||&#8220; custom_padding=&#8220;|||&#8220; header_font_size_tablet=&#8220;40px&#8220; header_font_size_phone=&#8220;&#8220; header_font_size_last_edited=&#8220;on|tablet&#8220; global_colors_info=&#8220;{}&#8220;]<\/p>\n<h1 style=\"text-align: center;\"><span style=\"color: #000000;\">Energie-Massage Blog<\/span><\/h1>\n<p>[\/et_pb_text][et_pb_text _builder_version=&#8220;4.16&#8243; _module_preset=&#8220;default&#8220; text_text_color=&#8220;#FFFFFF&#8220; global_colors_info=&#8220;{}&#8220;]<\/p>\n<p style=\"text-align: center;\"><span style=\"color: #000000;\"><strong>Aloha liebe Massage-Fans<\/strong><\/span><\/p>\n<p style=\"text-align: justify;\"><span style=\"color: #000000;\">Lasst euch verzaubern und lernt die fantastische Welt der Energie-Massagen, wie zum Beispiel der Lomi Lomi Massage kennen.<\/span><\/p>\n<p style=\"text-align: justify;\"><span style=\"color: #000000;\">In meinen Blogartikeln erz\u00e4hle ich dir, von meiner Praxis, meiner Arbeit mit Energie-Massagen, und ich gebe dir Tipps wie du deine Behandlungen erweitern, und gestaltestalten kannst. Der Blog ist f\u00fcr Massage-Anf\u00e4nger und Profis wertvoll, also am Besten gleich abonnieren!<\/span><\/p>\n<p>[\/et_pb_text][et_pb_image src=&#8220;https:\/\/energie-massageschule.com\/wp-content\/uploads\/2022\/04\/Tanja-Burgstaller-Titelbild-Blog-1.png&#8220; title_text=&#8220;Tanja Burgstaller Energie-Massageschule  Blog&#8220; align=&#8220;center&#8220; _builder_version=&#8220;4.16&#8243; _module_preset=&#8220;default&#8220; max_height=&#8220;204px&#8220; global_colors_info=&#8220;{}&#8220;][\/et_pb_image][et_pb_sidebar orientation=&#8220;right&#8220; _builder_version=&#8220;4.16&#8243; _module_preset=&#8220;default&#8220; header_text_color=&#8220;#0C71C3&#8243; global_colors_info=&#8220;{}&#8220;][\/et_pb_sidebar][\/et_pb_column][\/et_pb_row][\/et_pb_section][et_pb_section fb_built=&#8220;1&#8243; disabled_on=&#8220;on|on|off&#8220; admin_label=&#8220;Blog Section&#8220; _builder_version=&#8220;4.18.0&#8243; background_color=&#8220;#f4f4f4&#8243; use_background_color_gradient=&#8220;on&#8220; background_color_gradient_stops=&#8220;#f4f4f4 0%|#ffffff 100%&#8220; background_color_gradient_start=&#8220;#f4f4f4&#8243; background_color_gradient_end=&#8220;#ffffff&#8220; background_size=&#8220;contain&#8220; background_position=&#8220;top_center&#8220; custom_padding=&#8220;35px||0%|||&#8220; top_divider_color=&#8220;rgba(255,255,255,0.3)&#8220; da_disable_devices=&#8220;off|off|off&#8220; locked=&#8220;off&#8220; global_colors_info=&#8220;{}&#8220; da_is_popup=&#8220;off&#8220; da_exit_intent=&#8220;off&#8220; da_has_close=&#8220;on&#8220; da_alt_close=&#8220;off&#8220; da_dark_close=&#8220;off&#8220; da_not_modal=&#8220;on&#8220; da_is_singular=&#8220;off&#8220; da_with_loader=&#8220;off&#8220; da_has_shadow=&#8220;on&#8220;][et_pb_row column_structure=&#8220;3_4,1_4&#8243; _builder_version=&#8220;4.18.0&#8243; custom_margin=&#8220;|auto|-42px|auto||&#8220; custom_padding=&#8220;|1px|158px|||&#8220; global_colors_info=&#8220;{}&#8220;][et_pb_column type=&#8220;3_4&#8243; _builder_version=&#8220;4.18.0&#8243; custom_padding=&#8220;|||&#8220; global_colors_info=&#8220;{}&#8220; custom_padding__hover=&#8220;|||&#8220;][et_pb_blog fullwidth=&#8220;off&#8220; posts_number=&#8220;50&#8243; include_categories=&#8220;all&#8220; meta_date=&#8220;.&#8220; use_manual_excerpt=&#8220;off&#8220; show_more=&#8220;on&#8220; show_author=&#8220;off&#8220; show_date=&#8220;off&#8220; show_comments=&#8220;on&#8220; _builder_version=&#8220;4.18.0&#8243; header_font=&#8220;Abhaya Libre|700|||||||&#8220; header_font_size=&#8220;24px&#8220; header_line_height=&#8220;1.4em&#8220; body_font=&#8220;Nunito||||||||&#8220; body_font_size=&#8220;16px&#8220; meta_font=&#8220;Nunito||||||||&#8220; meta_line_height=&#8220;1.8em&#8220; read_more_text_color=&#8220;#0C71C3&#8243; pagination_font=&#8220;Nunito|700||on|||||&#8220; pagination_text_color=&#8220;#c7755a&#8220; pagination_letter_spacing=&#8220;2px&#8220; min_height=&#8220;1000px&#8220; height=&#8220;1000px&#8220; max_height=&#8220;1000px&#8220; animation_style=&#8220;fade&#8220; border_radii=&#8220;on|6px|6px|6px|6px&#8220; border_width_all=&#8220;0px&#8220; box_shadow_style=&#8220;preset3&#8243; box_shadow_vertical=&#8220;35px&#8220; box_shadow_blur=&#8220;50px&#8220; box_shadow_spread=&#8220;-35px&#8220; box_shadow_color=&#8220;rgba(0,0,0,0.5)&#8220; global_colors_info=&#8220;{}&#8220;][\/et_pb_blog][\/et_pb_column][et_pb_column type=&#8220;1_4&#8243; _builder_version=&#8220;4.16&#8243; custom_padding=&#8220;|||&#8220; global_colors_info=&#8220;{}&#8220; custom_padding__hover=&#8220;|||&#8220;][et_pb_sidebar orientation=&#8220;right&#8220; disabled_on=&#8220;on|on|off&#8220; _builder_version=&#8220;4.16&#8243; _module_preset=&#8220;default&#8220; header_text_color=&#8220;#0C71C3&#8243; global_colors_info=&#8220;{}&#8220;][\/et_pb_sidebar][et_pb_text _builder_version=&#8220;4.16&#8243; _module_preset=&#8220;default&#8220; header_3_text_color=&#8220;#0C71C3&#8243; custom_margin=&#8220;||5px|||&#8220; global_colors_info=&#8220;{}&#8220;]<\/p>\n<h3 style=\"text-align: center;\">Buchempfehlungen<\/h3>\n<p>[\/et_pb_text][et_pb_text _builder_version=&#8220;4.18.0&#8243; _module_preset=&#8220;default&#8220; text_font_size=&#8220;12px&#8220; custom_margin=&#8220;||12px|||&#8220; custom_padding=&#8220;|19px||25px||&#8220; global_colors_info=&#8220;{}&#8220;]<\/p>\n<p style=\"text-align: left;\"><em>Erfahre alles wissenswerte zum Thema Feinstofflichkeit, Karma und den Chakren f\u00fcr nur <\/em><\/p>\n<p style=\"text-align: left;\"><em><strong>CHF 12.90-<\/strong><\/em><\/p>\n<p>[\/et_pb_text][et_pb_image src=&#8220;https:\/\/energie-massageschule.com\/wp-content\/uploads\/2024\/11\/Buch-Chakra-Power.png&#8220; title_text=&#8220;Buch Chakra Power&#8220; url=&#8220;https:\/\/energie-massageschule.com\/home\/9483-2\/&#8220; _builder_version=&#8220;4.18.0&#8243; _module_preset=&#8220;default&#8220; custom_padding=&#8220;|15px||23px||&#8220; hover_enabled=&#8220;0&#8243; box_shadow_style=&#8220;preset1&#8243; box_shadow_horizontal=&#8220;9px&#8220; box_shadow_vertical=&#8220;14px&#8220; box_shadow_spread=&#8220;8px&#8220; global_colors_info=&#8220;{}&#8220; sticky_enabled=&#8220;0&#8243;][\/et_pb_image][et_pb_text _builder_version=&#8220;4.16&#8243; _module_preset=&#8220;default&#8220; text_font_size=&#8220;12px&#8220; custom_margin=&#8220;||12px|||&#8220; custom_padding=&#8220;|19px||25px||&#8220; global_colors_info=&#8220;{}&#8220;]<\/p>\n<p style=\"text-align: justify;\"><em>Diese B\u00fccher sind kostenlos online lesbar, viel Spass dabei!<\/em><\/p>\n<p>[\/et_pb_text][et_pb_image src=&#8220;https:\/\/energie-massageschule.com\/wp-content\/uploads\/2022\/04\/Buch-der-Weg-des-Kahuna.jpg&#8220; title_text=&#8220;Buch: der Weg des Kahuna&#8220; url=&#8220;https:\/\/www.yumpu.com\/de\/document\/read\/33263755\/ubung-der-weg-des-kahuna&#8220; url_new_window=&#8220;on&#8220; _builder_version=&#8220;4.16&#8243; _module_preset=&#8220;default&#8220; custom_padding=&#8220;|15px||23px||&#8220; box_shadow_style=&#8220;preset1&#8243; box_shadow_horizontal=&#8220;9px&#8220; box_shadow_vertical=&#8220;14px&#8220; box_shadow_spread=&#8220;8px&#8220; global_colors_info=&#8220;{}&#8220;][\/et_pb_image][et_pb_image src=&#8220;https:\/\/energie-massageschule.com\/wp-content\/uploads\/2022\/04\/Huna-Magie-E-Book-Cover.jpg&#8220; title_text=&#8220;Huna Magie E-Book Cover&#8220; url=&#8220;https:\/\/www.yumpu.com\/de\/document\/view\/66673811\/max-freedom-long-huna-bulletins-deutsche-ubersetzung-band-2-1949&#8243; url_new_window=&#8220;on&#8220; _builder_version=&#8220;4.16&#8243; _module_preset=&#8220;default&#8220; custom_margin=&#8220;||60px|||&#8220; custom_padding=&#8220;|15px||23px||&#8220; box_shadow_style=&#8220;preset1&#8243; box_shadow_horizontal=&#8220;9px&#8220; box_shadow_vertical=&#8220;14px&#8220; box_shadow_spread=&#8220;8px&#8220; global_colors_info=&#8220;{}&#8220;][\/et_pb_image][et_pb_text _builder_version=&#8220;4.16&#8243; _module_preset=&#8220;default&#8220; header_3_text_color=&#8220;#0C71C3&#8243; custom_margin=&#8220;||5px|||&#8220; global_colors_info=&#8220;{}&#8220;]<\/p>\n<h3 style=\"text-align: center;\">Referenz LomiLomi<\/h3>\n<p>[\/et_pb_text][et_pb_text _builder_version=&#8220;4.16&#8243; _module_preset=&#8220;default&#8220; text_font_size=&#8220;12px&#8220; custom_margin=&#8220;-13px||13px||false|false&#8220; custom_padding=&#8220;|19px||25px||&#8220; global_colors_info=&#8220;{}&#8220;]<\/p>\n<p style=\"text-align: justify;\"><em>Kirstin aus Linz (AT) hat ihre Ber\u00fchrungs\u00e4ngste \u00fcberwunden.<\/em><\/p>\n<p>[\/et_pb_text][et_pb_video src=&#8220;https:\/\/www.youtube.com\/watch?v=LzIeEjW3z5g&#038;t=7s&#8220; _builder_version=&#8220;4.16&#8243; _module_preset=&#8220;default&#8220; custom_margin=&#8220;||60px|||&#8220; custom_padding=&#8220;|15px||21px||&#8220; global_colors_info=&#8220;{}&#8220;][\/et_pb_video][et_pb_text _builder_version=&#8220;4.16&#8243; _module_preset=&#8220;default&#8220; header_3_text_color=&#8220;#0C71C3&#8243; custom_margin=&#8220;||5px|||&#8220; global_colors_info=&#8220;{}&#8220;]<\/p>\n<h3 style=\"text-align: center;\">Referenz LomiLomi<\/h3>\n<p>[\/et_pb_text][et_pb_text _builder_version=&#8220;4.16&#8243; _module_preset=&#8220;default&#8220; text_font_size=&#8220;12px&#8220; custom_margin=&#8220;-13px||13px||false|false&#8220; custom_padding=&#8220;|19px||25px||&#8220; global_colors_info=&#8220;{}&#8220;]<\/p>\n<p style=\"text-align: left;\"><em>Steffi war 2021 an der Lomi Grundausbildung in Deutschland dabei und bietet jetzt Lomi in ihrem Kosmetik Studio an.<\/em><\/p>\n<p>[\/et_pb_text][et_pb_video src=&#8220;https:\/\/www.youtube.com\/watch?v=bN11a9r-Muc&#038;list=PLlTH4Ht5izIYGIVZcmcYeROe0Kb2rBv3N&#8220; _builder_version=&#8220;4.16&#8243; _module_preset=&#8220;default&#8220; custom_padding=&#8220;|15px||18px||&#8220; global_colors_info=&#8220;{}&#8220;][\/et_pb_video][et_pb_text _builder_version=&#8220;4.16&#8243; _module_preset=&#8220;default&#8220; header_3_text_color=&#8220;#0C71C3&#8243; custom_margin=&#8220;||5px|||&#8220; global_colors_info=&#8220;{}&#8220;]<\/p>\n<h3 style=\"text-align: center;\">Referenz LomiLomi<\/h3>\n<p>[\/et_pb_text][et_pb_text _builder_version=&#8220;4.16&#8243; _module_preset=&#8220;default&#8220; text_font_size=&#8220;12px&#8220; custom_margin=&#8220;-13px||13px||false|false&#8220; custom_padding=&#8220;|19px||25px||&#8220; global_colors_info=&#8220;{}&#8220;]<\/p>\n<p style=\"text-align: left;\"><em>Silke fuhr mehrfach \u00fcber 600 Km zu mir in die Schweiz um an der Lomi Practitioner Ausbildung mit Praktikum teilzunehmen.\u00a0<\/em><\/p>\n<p>[\/et_pb_text][et_pb_video src=&#8220;https:\/\/www.youtube.com\/watch?v=ETtbVxQeLc4&#038;list=PLlTH4Ht5izIYGIVZcmcYeROe0Kb2rBv3N&#038;index=10&#8243; _builder_version=&#8220;4.16&#8243; _module_preset=&#8220;default&#8220; custom_padding=&#8220;|15px||18px||&#8220; global_colors_info=&#8220;{}&#8220;][\/et_pb_video][et_pb_text _builder_version=&#8220;4.16&#8243; _module_preset=&#8220;default&#8220; header_3_text_color=&#8220;#0C71C3&#8243; custom_margin=&#8220;||5px|||&#8220; global_colors_info=&#8220;{}&#8220;]<\/p>\n<h3 style=\"text-align: center;\">AKTUELLE TERMINE<\/h3>\n<p>[\/et_pb_text][et_pb_code _builder_version=&#8220;4.16&#8243; _module_preset=&#8220;default&#8220; global_colors_info=&#8220;{}&#8220;]<\/p>\n<div data-tockify-component=\"mini\" data-tockify-calendar=\"kursprogramm\"><\/div>\n<p><!-- [et_pb_line_break_holder] --><script data-cfasync=\"false\" data-tockify-script=\"embed\" src=\"https:\/\/public.tockify.com\/browser\/embed.js\"><\/script>[\/et_pb_code][\/et_pb_column][\/et_pb_row][\/et_pb_section][et_pb_section fb_built=&#8220;1&#8243; disabled_on=&#8220;off|off|on&#8220; _builder_version=&#8220;4.16&#8243; _module_preset=&#8220;default&#8220; da_disable_devices=&#8220;off|off|off&#8220; global_colors_info=&#8220;{}&#8220; da_is_popup=&#8220;off&#8220; da_exit_intent=&#8220;off&#8220; da_has_close=&#8220;on&#8220; da_alt_close=&#8220;off&#8220; da_dark_close=&#8220;off&#8220; da_not_modal=&#8220;on&#8220; da_is_singular=&#8220;off&#8220; da_with_loader=&#8220;off&#8220; da_has_shadow=&#8220;on&#8220;][et_pb_row _builder_version=&#8220;4.16&#8243; _module_preset=&#8220;default&#8220; global_colors_info=&#8220;{}&#8220;][et_pb_column type=&#8220;4_4&#8243; _builder_version=&#8220;4.16&#8243; _module_preset=&#8220;default&#8220; global_colors_info=&#8220;{}&#8220;][et_pb_blog posts_number=&#8220;20&#8243; include_categories=&#8220;all&#8220; _builder_version=&#8220;4.16&#8243; _module_preset=&#8220;default&#8220; global_colors_info=&#8220;{}&#8220;][\/et_pb_blog][et_pb_sidebar _builder_version=&#8220;4.16&#8243; _module_preset=&#8220;default&#8220; global_colors_info=&#8220;{}&#8220;][\/et_pb_sidebar][\/et_pb_column][\/et_pb_row][\/et_pb_section]<\/p>\n","protected":false},"excerpt":{"rendered":"<p>Energie-Massage BlogAloha liebe Massage-Fans Lasst euch verzaubern und lernt die fantastische Welt der Energie-Massagen, wie zum Beispiel der Lomi Lomi Massage kennen. In meinen Blogartikeln erz\u00e4hle ich dir, von meiner Praxis, meiner Arbeit mit Energie-Massagen, und ich gebe dir Tipps wie du deine Behandlungen erweitern, und gestalten kannst. Der Blog ist f\u00fcr Massage-Anf\u00e4nger und Profis [&hellip;]<\/p>\n","protected":false},"author":1,"featured_media":0,"parent":0,"menu_order":0,"comment_status":"closed","ping_status":"closed","template":"","meta":{"_et_pb_use_builder":"on","_et_pb_old_content":"","_et_gb_content_width":"","footnotes":""},"class_list":["post-923","page","type-page","status-publish","hentry"],"jetpack_sharing_enabled":true,"_links":{"self":[{"href":"https:\/\/energie-massageschule.com\/home\/wp-json\/wp\/v2\/pages\/923","targetHints":{"allow":["GET"]}}],"collection":[{"href":"https:\/\/energie-massageschule.com\/home\/wp-json\/wp\/v2\/pages"}],"about":[{"href":"https:\/\/energie-massageschule.com\/home\/wp-json\/wp\/v2\/types\/page"}],"author":[{"embeddable":true,"href":"https:\/\/energie-massageschule.com\/home\/wp-json\/wp\/v2\/users\/1"}],"replies":[{"embeddable":true,"href":"https:\/\/energie-massageschule.com\/home\/wp-json\/wp\/v2\/comments?post=923"}],"version-history":[{"count":10,"href":"https:\/\/energie-massageschule.com\/home\/wp-json\/wp\/v2\/pages\/923\/revisions"}],"predecessor-version":[{"id":9504,"href":"https:\/\/energie-massageschule.com\/home\/wp-json\/wp\/v2\/pages\/923\/revisions\/9504"}],"wp:attachment":[{"href":"https:\/\/energie-massageschule.com\/home\/wp-json\/wp\/v2\/media?parent=923"}],"curies":[{"name":"wp","href":"https:\/\/api.w.org\/{rel}","templated":true}]}}