{"id":5978,"date":"2022-09-29T12:16:12","date_gmt":"2022-09-29T10:16:12","guid":{"rendered":"https:\/\/energie-massageschule.com\/?page_id=5978"},"modified":"2024-10-10T14:10:41","modified_gmt":"2024-10-10T12:10:41","slug":"agbs","status":"publish","type":"page","link":"https:\/\/energie-massageschule.com\/home\/agbs\/","title":{"rendered":"AGBs"},"content":{"rendered":"<p>[et_pb_section fb_built=&#8220;1&#8243; _builder_version=&#8220;4.18.0&#8243; _module_preset=&#8220;default&#8220; global_colors_info=&#8220;{}&#8220; da_is_popup=&#8220;off&#8220; da_exit_intent=&#8220;off&#8220; da_has_close=&#8220;on&#8220; da_alt_close=&#8220;off&#8220; da_dark_close=&#8220;off&#8220; da_not_modal=&#8220;on&#8220; da_is_singular=&#8220;off&#8220; da_with_loader=&#8220;off&#8220; da_has_shadow=&#8220;on&#8220; da_disable_devices=&#8220;off|off|off&#8220;][et_pb_row _builder_version=&#8220;4.18.0&#8243; _module_preset=&#8220;default&#8220; global_colors_info=&#8220;{}&#8220;][et_pb_column type=&#8220;4_4&#8243; _builder_version=&#8220;4.18.0&#8243; _module_preset=&#8220;default&#8220; global_colors_info=&#8220;{}&#8220;][et_pb_text _builder_version=&#8220;4.18.0&#8243; _module_preset=&#8220;default&#8220; text_text_color=&#8220;#0C71C3&#8243; text_font_size=&#8220;25px&#8220; global_colors_info=&#8220;{}&#8220;]<\/p>\n<p><span>Allgemeine Gescha\u0308ftsbedingungen \/ Kurse \u2013 Seminare &#8211; Workshops <\/span><\/p>\n<p>[\/et_pb_text][et_pb_text _builder_version=&#8220;4.18.0&#8243; _module_preset=&#8220;default&#8220; text_font_size=&#8220;18px&#8220; text_letter_spacing=&#8220;1px&#8220; text_line_height=&#8220;1.6em&#8220; hover_enabled=&#8220;0&#8243; global_colors_info=&#8220;{}&#8220; sticky_enabled=&#8220;0&#8243;]<\/p>\n<div class=\"page\" title=\"Page 2\">\n<div class=\"layoutArea\">\n<div class=\"column\">\n<p><span>der Energie Massageschule -Tanja Burgstaller, nachfolgend EMS genannt. <\/span><\/p>\n<p><strong>1. Teilnahmebedingungen <\/strong><\/p>\n<\/div>\n<\/div>\n<div class=\"layoutArea\">\n<div class=\"column\">\n<p><span>Die allgemeinen Gescha\u0308ftsbedingungen\/Lehrgangsbedingungen haben fu\u0308r alle Kurse, Semi<\/span><span>nare und Diplom<\/span><span>&#8211; <\/span><\/p>\n<\/div>\n<\/div>\n<div class=\"layoutArea\">\n<div class=\"column\">\n<p><span>Lehrga\u0308nge Gu\u0308ltigkeit, sofern nicht schriftlich etwas anderes vereinbart ist. Mu\u0308ndliche Vereinbarungen ko\u0308nnen <\/span><\/p>\n<\/div>\n<\/div>\n<div class=\"layoutArea\">\n<div class=\"column\">\n<p><span>nicht eingefordert oder geltend gemacht werden. <\/span><\/p>\n<\/div>\n<\/div>\n<div class=\"layoutArea\">\n<div class=\"column\">\n<p><span><\/span><\/p>\n<p><span>1.1 Als rechtsgu\u0308ltige Anmeldung gilt die <\/span><span>elektronische Anmeldung per online Formular auf der Website der <\/span><\/p>\n<\/div>\n<\/div>\n<div class=\"layoutArea\">\n<div class=\"column\">\n<p><span>EMS. Der Teilnehmer e<\/span><span>rha\u0308lt nach der Anmeldung eine e<\/span><span>lektronische Besta\u0308tigung und Rechnung per Email, mit <\/span><\/p>\n<\/div>\n<\/div>\n<div class=\"layoutArea\">\n<div class=\"column\">\n<p><span>Ausha\u0308ndigung der hier angegebenen AGB.<\/span><\/p>\n<\/div>\n<\/div>\n<div class=\"layoutArea\">\n<div class=\"column\">\n<p><span><\/span><\/p>\n<p><span>1.2 Durch die U\u0308bermittlung der elektronischen Anmeldung ver<\/span><span>pflichtet sich der Kursteilnehmer, oder bei <\/span><\/p>\n<\/div>\n<\/div>\n<div class=\"layoutArea\">\n<div class=\"column\">\n<p><span>Minderja\u0308hrigen deren gesetzlicher Vertreter, das Schulgeld \/ Kursgeld zu begleichen. Die Gebu\u0308hren sind auf <\/span><\/p>\n<\/div>\n<\/div>\n<div class=\"layoutArea\">\n<div class=\"column\">\n<p><span>der Website ersichtlich und werden nochmals per PDF-Rechnung zugestellt mit der Zahlungsaufforderung <\/span><\/p>\n<\/div>\n<\/div>\n<div class=\"layoutArea\">\n<div class=\"column\">\n<p><span>innerhalb von 10 Tagen die Rechnung zu begleichen. <\/span><\/p>\n<\/div>\n<\/div>\n<div class=\"layoutArea\">\n<div class=\"column\">\n<p><span><\/span><\/p>\n<p><span>1.3 Die <\/span><span>EMS <\/span><span>beha\u0308lt sich das Recht vor, ausstehende Schulgelder zu mahnen und eine Mahngebu\u0308hr von Fr. 20.<\/span><span>\u2013 <\/span><\/p>\n<\/div>\n<\/div>\n<div class=\"layoutArea\">\n<div class=\"column\">\n<p><span>fu\u0308r die 2. Mahnung und Fr. 30.<\/span><span>\u2013 <\/span><span>fu\u0308r die 3. Mahnung sowie einen Verzugszins von 1% pro Monat zu e<\/span><span>rheben. <\/span><\/p>\n<\/div>\n<\/div>\n<div class=\"layoutArea\">\n<div class=\"column\">\n<p><span>Nach der 3. Mahnung wird der Rechtsweg beschritten und das gesamtausstehende Geld eingefordert. <\/span><\/p>\n<\/div>\n<\/div>\n<div class=\"layoutArea\">\n<div class=\"column\">\n<p><span><\/span><\/p>\n<p><span>1.4 Der Teilnehmer besta\u0308tigt ko\u0308rperlich, sowie psychisch Gesund und Stabil zu sein, oder in anderem Falle der <\/span><\/p>\n<\/div>\n<\/div>\n<div class=\"layoutArea\">\n<div class=\"column\">\n<p><span>Schulleitung Auskunft u\u0308ber die Erkrankung zu geben. Es besteht kein Anspruch auf Abbruch der Ausbildung <\/span><\/p>\n<\/div>\n<\/div>\n<div class=\"layoutArea\">\n<div class=\"column\">\n<p><span>mit Ru\u0308ckvergu\u0308tung der Gelder Aufgrund von Krankheiten die schon vor der Anmeldung bestanden. <\/span><\/p>\n<\/div>\n<\/div>\n<div class=\"layoutArea\">\n<div class=\"column\">\n<p><span><\/span><\/p>\n<p><span>1.5 Der Teilnehmer besta\u0308tigt dass er im Rahmen der Ausbildung oder des Kurses durch Mitschu\u0308ler und Lehrer <\/span><\/p>\n<\/div>\n<\/div>\n<div class=\"layoutArea\">\n<div class=\"column\">\n<p><span>beru\u0308hrt werden darf und einverstanden ist; Verbesserungsvorschla\u0308ge, Kritiken, Anregungen, Anmerkungen <\/span><\/p>\n<\/div>\n<\/div>\n<div class=\"layoutArea\">\n<div class=\"column\">\n<p><span>anzunehmen ohne sich perso\u0308nlich beru\u0308hrt oder angegriffen zu fu\u0308hlen. <\/span><\/p>\n<\/div>\n<\/div>\n<div class=\"layoutArea\">\n<div class=\"column\">\n<p><span><\/span><\/p>\n<p><span>1.6 Der Teilnehmer besta\u0308tigt dass er weiss, dass die Kurse und Ausbildungen an der EMS Energie- <\/span><\/p>\n<\/div>\n<\/div>\n<div class=\"layoutArea\">\n<div class=\"column\">\n<p><span>Massageschule keine offiziell anerkannten Methoden oder Techniken sind. Die Bezeichnungen, Titel und <\/span><\/p>\n<\/div>\n<\/div>\n<div class=\"layoutArea\">\n<div class=\"column\">\n<p><span>Diplome der EMS sind keine staatlich anerkannten Belege, Zertifikate oder andere Eidgeno\u0308ssisch anerkannten <\/span><\/p>\n<\/div>\n<\/div>\n<div class=\"layoutArea\">\n<div class=\"column\">\n<p><span>Schulabschlu\u0308sse. <\/span><\/p>\n<\/div>\n<\/div>\n<div class=\"layoutArea\">\n<div class=\"column\">\n<p><span><\/span><\/p>\n<p><span>1.7 Der Teilnehmer besta\u0308tigt dass er einverstanden ist, an den U\u0308bungen und Trainings der Kurse teil zu <\/span><\/p>\n<\/div>\n<\/div>\n<div class=\"layoutArea\">\n<div class=\"column\">\n<p><span>nehmen und die erteilten Aufgaben durchzufu\u0308hren. Hausaufgaben und geforderte Trainingsstunden sind <\/span><\/p>\n<\/div>\n<\/div>\n<div class=\"layoutArea\">\n<div class=\"column\">\n<p><span>einzuhalten (ausgenommen Zertifikats \/ Einzel- Kurse).<\/span><\/p>\n<\/div>\n<\/div>\n<div class=\"layoutArea\">\n<div class=\"column\">\n<p><span><\/span><\/p>\n<p><span>1.8 Der Teilnehmer besta\u0308tigt dass die Ausbildungen und Kurse an der EMS unter den Bereich des <\/span><\/p>\n<\/div>\n<\/div>\n<div class=\"layoutArea\">\n<div class=\"column\">\n<p><span>energetischen Gewerbes fallen und somit keine offiziellen Besta\u0308tigungen u\u0308ber die Wirksamkeit der Methoden bestehen. Es besteht keine Garantie fu\u0308r eine Anstellung oder die Gru\u0308ndung eines selbsta\u0308ndigen Gewerbe nach <\/span><\/p>\n<\/div>\n<\/div>\n<div class=\"layoutArea\">\n<div class=\"column\">\n<p><span>diesen Ausbildungen. Die EMS begleitet und unterst\u00fctzt kann jedoch keine Garantie f\u00fcr Erfolg abgeben.<\/span><\/p>\n<\/div>\n<\/div>\n<div class=\"section\">\n<div class=\"layoutArea\">\n<div class=\"column\">\n<p><span><\/span><\/p>\n<p><span>1.9 Der Teilnehmer weiss das die angebotenen energetischen Therapien und alternativen Methoden, sowie das <\/span><\/p>\n<\/div>\n<\/div>\n<div class=\"layoutArea\">\n<div class=\"column\">\n<p><span>geistige Heilen sehr vielseitig ausgelegt und angewendet werden ko\u0308nnen und somit kein Anspruch auf <\/span><\/p>\n<\/div>\n<\/div>\n<div class=\"layoutArea\">\n<div class=\"column\">\n<p><span>Themeninhalte, Art und Weise des Unterrichts und Lernmittel sowie Lernmethoden besteht. Es wird von <\/span><\/p>\n<\/div>\n<\/div>\n<div class=\"layoutArea\">\n<div class=\"column\">\n<p><span>jedem Teilnehmer Offenheit fu\u0308r Neues gefordert und aktive Teilnahme am Unterricht. <\/span><\/p>\n<\/div>\n<\/div>\n<div class=\"layoutArea\">\n<div class=\"column\">\n<p><span>Zielsetzung ist es, die Welt des Geistigen Heilen kennen zu lernen und Massagen mit Energiearbeit zu <\/span><\/p>\n<\/div>\n<\/div>\n<div class=\"layoutArea\">\n<div class=\"column\">\n<p><span>verbinden. Die Kursleitung hat freie Hand u\u0308ber die Gestaltung der Kurse sowie deren Unterlagen. Die <\/span><\/p>\n<\/div>\n<\/div>\n<div class=\"layoutArea\">\n<div class=\"column\">\n<p><span>Qualita\u0308tsstandards von Musik, Lernvideos, Skripten, oder anderen Lernmaterialien werden vom Kursleiter <\/span><\/p>\n<\/div>\n<\/div>\n<div class=\"layoutArea\">\n<div class=\"column\">\n<p><span>festgelegt, ein Anspruch auf weitere Lernunterlagen als geboten, besteht nicht. <\/span><\/p>\n<\/div>\n<\/div>\n<\/div>\n<div class=\"layoutArea\">\n<div class=\"column\">\n<p><span><\/span><\/p>\n<p><strong>2. Organisation <\/strong><\/p>\n<\/div>\n<\/div>\n<div class=\"layoutArea\">\n<div class=\"column\">\n<p><span><\/span><\/p>\n<p><span>2.1 EMS garantiert dem Kursteilnehmer die Teilnahme an den angemeldeten und per Vorklasse beglichenen <\/span><\/p>\n<\/div>\n<\/div>\n<div class=\"layoutArea\">\n<div class=\"column\">\n<p><span>Kursen und verpflichtet sich diese im Rahmen der auf der Website ersichtlichen Themeninhalten zu gestalten. <\/span><\/p>\n<\/div>\n<\/div>\n<div class=\"layoutArea\">\n<div class=\"column\">\n<p><span><\/span><\/p>\n<p><span>2.2 Die Dauer der Kurse und Anzahl Stunden sind der Kursbesta\u0308tigung zu entnehmen, in der Regel 7 Stunden <\/span><\/p>\n<\/div>\n<\/div>\n<div class=\"layoutArea\">\n<div class=\"column\">\n<p><span>pro Kurstag.<\/span><\/p>\n<div class=\"page\" title=\"Page 3\">\n<div class=\"layoutArea\">\n<div class=\"column\">\n<p><span>2.3 Die EMS beha\u0308lt sich A\u0308nderungen der Themeninhalte vor, das Ausbildungsziel darf jedoch <\/span><\/p>\n<\/div>\n<\/div>\n<div class=\"layoutArea\">\n<div class=\"column\">\n<p><span>nicht <\/span><span>grundsa\u0308tzlich vera\u0308ndert we<\/span><span>rden. So ko\u0308nnen einige Inhalte variieren, erga\u0308nzt oder ausgelassen werden <\/span><\/p>\n<\/div>\n<\/div>\n<div class=\"layoutArea\">\n<div class=\"column\">\n<p><span>um eine flexible Gestaltung des Unterrichts zu ermo\u0308glichen.<\/span><\/p>\n<p><span><\/span><\/p>\n<\/div>\n<\/div>\n<div class=\"section\">\n<div class=\"layoutArea\">\n<div class=\"column\">\n<p><span><\/span><\/p>\n<div class=\"page\" title=\"Page 3\">\n<div class=\"section\">\n<div class=\"layoutArea\">\n<div class=\"column\">\n<p><span>2.4 Die Kurse werden nur bei genu\u0308gender Teilnehmerzahl durchgefu\u0308hrt. Die <\/span><span>EMS <\/span><span>beha\u0308lt sich vor, bei <\/span><\/p>\n<\/div>\n<\/div>\n<div class=\"layoutArea\">\n<div class=\"column\">\n<p><span>ungenu\u0308gender Teilnehmerzahl <\/span><span>oder aufgrund anderer, von der Schule nicht zu vertretender Gru\u0308nde, im <\/span><\/p>\n<\/div>\n<\/div>\n<div class=\"layoutArea\">\n<div class=\"column\">\n<p><span>Progra<\/span><span>mm angeku\u0308ndigte Kurse abzusagen oder gegebenenfalls zu <\/span><span>verschieben. <\/span><\/p>\n<\/div>\n<\/div>\n<div class=\"layoutArea\">\n<div class=\"column\">\n<p><span><\/span><\/p>\n<p><span>2.5 Sollte es der EMS nicht mo\u0308glich sein, fu\u0308r einen abgesagten Kurs innerhalb von 3 Monaten ein Ersatzdatum <\/span><\/p>\n<\/div>\n<\/div>\n<div class=\"layoutArea\">\n<div class=\"column\">\n<p><span>anzubieten, so werden bereits bezahlte Schulgelder (Anteilgema\u0308ss in Einbezug von R<\/span><span>abatten) ru\u0308ckerstattet. <\/span><\/p>\n<\/div>\n<\/div>\n<div class=\"layoutArea\">\n<div class=\"column\">\n<p><span>Weitergehende Anspru\u0308che der Kursteilnehmer, insbesondere Schadenersatzanspru\u0308che bei A\u0308nderungen oder <\/span><\/p>\n<\/div>\n<\/div>\n<div class=\"layoutArea\">\n<div class=\"column\">\n<p><span>Absage eines Kurses, sind ausdru\u0308cklich ausgeschlossen. <\/span><\/p>\n<\/div>\n<\/div>\n<\/div>\n<\/div>\n<\/div>\n<\/div>\n<div class=\"layoutArea\">\n<div class=\"column\">\n<div class=\"page\" title=\"Page 3\">\n<div class=\"layoutArea\">\n<div class=\"column\">\n<p><span><\/span><\/p>\n<p><span>2.6 Der Unterricht findet jeweils in den von der EMS festgelegten Unte<\/span><span>rrichtsra\u0308umen und Kursorten statt. Ein <\/span><\/p>\n<\/div>\n<\/div>\n<div class=\"layoutArea\">\n<div class=\"column\">\n<p><span>Anspruch auf Unterrichtserteilung in einem bestimmten Unterrichtsgeba\u0308ude am Schulort (Stadt) besteht <\/span><\/p>\n<\/div>\n<\/div>\n<div class=\"layoutArea\">\n<div class=\"column\">\n<p><span>nicht.<\/span><\/p>\n<p>&nbsp;<\/p>\n<\/div>\n<\/div>\n<div class=\"layoutArea\">\n<div class=\"column\">\n<p><span><strong>3. Ru\u0308cktritt\/Abmeldung\/Kursverschiebung<\/strong> <\/span><\/p>\n<\/div>\n<\/div>\n<div class=\"layoutArea\">\n<div class=\"column\">\n<p><span><\/span><\/p>\n<p><span>3.1 <\/span><span>Erfolgt die Vertragsunterzeichnung mindestens 37 Tage vor Kursbeginn, <\/span><span>haben Kursteilnehmer die <\/span><\/p>\n<\/div>\n<\/div>\n<div class=\"layoutArea\">\n<div class=\"column\">\n<p><span>Mo\u0308glichkeit, innert 7 Tagen ab Vertragsunterzeichnung mit <\/span><span>eingeschriebenem Brief <\/span><span>kostenlos von der <\/span><\/p>\n<\/div>\n<\/div>\n<div class=\"layoutArea\">\n<div class=\"column\">\n<p><span>Anmeldung zuru\u0308ckzutreten. <\/span><\/p>\n<p><span>Erfolgt die Abmeldung weniger als 37 Tage vor Kurs- oder Ausbildungsbeginn oder mehr als 7 Tage <\/span><span style=\"font-size: 18px;\">ab Vertragsunterzeichnung, gilt folgendes:<\/span><\/p>\n<\/div>\n<\/div>\n<div class=\"layoutArea\">\n<div class=\"column\">\n<p><span><\/span><\/p>\n<\/div>\n<\/div>\n<div class=\"layoutArea\">\n<div class=\"column\">\n<p><span>\u2022 <\/span><span>Bei einer Abmeldung bis zum 30. Tag vor Kurs- oder Ausbildungsbeginn <\/span><span>ist eine Pauschalgebu\u0308hr in der Ho\u0308he von CHF 150.-<\/span><span style=\"font-size: 18px;\">pro storniertem Kurs zu bezahlen.<\/span><\/p>\n<p><span style=\"font-size: 18px;\"><\/span><\/p>\n<\/div>\n<\/div>\n<div class=\"layoutArea\">\n<div class=\"column\">\n<p><span>\u2022 <\/span><span>Bei einer Abmeldung ab dem 29. und bis zum 15. Tag vor Kurs- oder Ausbildungsbeginn <\/span><span>sind 50% der Gebu\u0308hr zu <\/span><\/p>\n<\/div>\n<\/div>\n<div class=\"layoutArea\">\n<div class=\"column\">\n<p><span>bezahlen.<\/span><\/p>\n<p><span><\/span><\/p>\n<\/div>\n<\/div>\n<div class=\"layoutArea\">\n<div class=\"column\">\n<p><span>\u2022 <\/span><span>Bei einer Abmeldung ab dem 14. Tag <\/span><span>vor Kurs- oder Ausbildungsbeginn besteht kein Anspruch mehr auf Ru\u0308ckerstattung der <\/span><span style=\"font-size: 18px;\">Gebu\u0308hren, noch nicht eingezahlte Geb\u00fchren werden dennoch f\u00e4llig.\u00a0<\/span><\/p>\n<\/div>\n<\/div>\n<div class=\"layoutArea\">\n<div class=\"column\">\n<p><span><\/span><\/p>\n<p><span>3.2 <\/span><span>Nach Kurs- oder Ausbildungsbeginn <\/span><span>ist eine Abmeldung (Vertragsru\u0308cktritt) grunds\u00e4tzlich nicht mehr mo\u0308glich. Es besteht kein Anspruch auf R\u00fcckersattung einbezahlter Geb\u00fchren.<\/span><\/p>\n<p><span>3.3 Nur in Ausnahmef\u00e4llen von besonderer H\u00e4rte, kann in Absprache und schriftlicher Zustimmung der Schulleitung eine R\u00fcckerstattung oder Vertragsr\u00fccktritt geltend gemacht werden.<\/span><\/p>\n<p><span><\/span><\/p>\n<div class=\"page\" title=\"Page 3\">\n<div class=\"layoutArea\">\n<div class=\"column\">\n<p><span><strong>4. Schlussbestimmungen<\/strong> <\/span><\/p>\n<p><span>4.1 Werden einzelne Punkte der Teilnahmebedingungen ungu\u0308ltig, so bleiben die u\u0308brigen in Kraft.<\/span><\/p>\n<p><span>4.2 Gerichtsstand ist Bad Zurzach, Schweiz<\/span><\/p>\n<p><span><\/span><\/p>\n<p><span>Bad Zurzach, 10.10.2024<\/span><\/p>\n<\/div>\n<\/div>\n<\/div>\n<p><span><\/span><\/p>\n<\/div>\n<\/div>\n<\/div>\n<p><span><\/span><\/p>\n<p><span><\/span><\/p>\n<p><span><\/span><\/p>\n<p><span><\/span><\/p>\n<p><span><\/span><\/p>\n<p><span><\/span><\/p>\n<p><span><\/span><\/p>\n<\/div>\n<\/div>\n<\/div>\n<\/div>\n<p><span><\/span><\/p>\n<\/div>\n<\/div>\n<div class=\"layoutArea\">\n<div class=\"column\">\n<p>&nbsp;<\/p>\n<\/div>\n<\/div>\n<\/div>\n<div class=\"page\" title=\"Page 3\"><\/div>\n<p>[\/et_pb_text][\/et_pb_column][\/et_pb_row][\/et_pb_section]<\/p>\n","protected":false},"excerpt":{"rendered":"<p>Allgemeine Gescha\u0308ftsbedingungen \/ Kurse \u2013 Seminare &#8211; Workshops der Energie Massageschule -Tanja Burgstaller, nachfolgend EMS genannt. 1. Teilnahmebedingungen Die allgemeinen Gescha\u0308ftsbedingungen\/Lehrgangsbedingungen haben fu\u0308r alle Kurse, Seminare und Diplom- Lehrga\u0308nge Gu\u0308ltigkeit, sofern nicht schriftlich etwas anderes vereinbart ist. Mu\u0308ndliche Vereinbarungen ko\u0308nnen nicht eingefordert oder geltend gemacht werden. 1.1 Als rechtsgu\u0308ltige Anmeldung gilt die elektronische Anmeldung per [&hellip;]<\/p>\n","protected":false},"author":1,"featured_media":0,"parent":0,"menu_order":0,"comment_status":"closed","ping_status":"closed","template":"","meta":{"_et_pb_use_builder":"on","_et_pb_old_content":"","_et_gb_content_width":"","footnotes":""},"class_list":["post-5978","page","type-page","status-publish","hentry"],"jetpack_sharing_enabled":true,"_links":{"self":[{"href":"https:\/\/energie-massageschule.com\/home\/wp-json\/wp\/v2\/pages\/5978","targetHints":{"allow":["GET"]}}],"collection":[{"href":"https:\/\/energie-massageschule.com\/home\/wp-json\/wp\/v2\/pages"}],"about":[{"href":"https:\/\/energie-massageschule.com\/home\/wp-json\/wp\/v2\/types\/page"}],"author":[{"embeddable":true,"href":"https:\/\/energie-massageschule.com\/home\/wp-json\/wp\/v2\/users\/1"}],"replies":[{"embeddable":true,"href":"https:\/\/energie-massageschule.com\/home\/wp-json\/wp\/v2\/comments?post=5978"}],"version-history":[{"count":6,"href":"https:\/\/energie-massageschule.com\/home\/wp-json\/wp\/v2\/pages\/5978\/revisions"}],"predecessor-version":[{"id":9385,"href":"https:\/\/energie-massageschule.com\/home\/wp-json\/wp\/v2\/pages\/5978\/revisions\/9385"}],"wp:attachment":[{"href":"https:\/\/energie-massageschule.com\/home\/wp-json\/wp\/v2\/media?parent=5978"}],"curies":[{"name":"wp","href":"https:\/\/api.w.org\/{rel}","templated":true}]}}