{"id":5072,"date":"2022-09-11T10:01:39","date_gmt":"2022-09-11T08:01:39","guid":{"rendered":"https:\/\/energie-massageschule.com\/?page_id=5072"},"modified":"2022-09-11T10:01:39","modified_gmt":"2022-09-11T08:01:39","slug":"supervisions-training","status":"publish","type":"page","link":"https:\/\/energie-massageschule.com\/home\/supervisions-training\/","title":{"rendered":"Supervisions-Training"},"content":{"rendered":"<p>[et_pb_section fb_built=&#8220;1&#8243; theme_builder_area=&#8220;post_content&#8220; _builder_version=&#8220;4.14.9&#8243; _module_preset=&#8220;default&#8220;][et_pb_row _builder_version=&#8220;4.14.9&#8243; _module_preset=&#8220;default&#8220; theme_builder_area=&#8220;post_content&#8220;][et_pb_column _builder_version=&#8220;4.14.9&#8243; _module_preset=&#8220;default&#8220; type=&#8220;4_4&#8243; theme_builder_area=&#8220;post_content&#8220;][et_pb_text _builder_version=&#8220;4.14.9&#8243; _module_preset=&#8220;default&#8220; theme_builder_area=&#8220;post_content&#8220; hover_enabled=&#8220;0&#8243; sticky_enabled=&#8220;0&#8243;]<\/p>\n<h1>Supervisions-Training<\/h1>\n<p>[\/et_pb_text][et_pb_text _builder_version=&#8220;4.14.9&#8243; _module_preset=&#8220;default&#8220; theme_builder_area=&#8220;post_content&#8220; text_font_size=&#8220;16px&#8220; hover_enabled=&#8220;0&#8243; sticky_enabled=&#8220;0&#8243;]<\/p>\n<p>Einige unserer Ausbildungen bieten dir ein Supervisions-Training an, welche dies sind kannst du aus dem jeweiligen Ausbildungsbeschreib entnehmen.<\/p>\n<p><strong>SUPERVISIONS-TRAINING<\/strong><\/p>\n<p>Dieses besteht aus exklusivem Unterricht bei dem\/der zust\u00e4ndigen Kursleiter\/in. Gearbeitet wird in geschlossenen Gruppen um auf die praktische Pr\u00fcfung vorzubereiten. Schwachstellen, Wissensl\u00fccken, Verst\u00e4ndnisprobleme k\u00f6nnen behoben werden. Es findet ein individuell auf jeden Teilnehmer\/in abgestimmter Unterricht statt. Die Zielsetzung besteht darin dass jeder Teilnhemer\/in seine praktischen F\u00e4higkeiten st\u00e4rkt und verfeinert.<\/p>\n<p><strong>PEERGROUP<\/strong><\/p>\n<p>Bestandteil des Supervison-Training ist die Arbeit in der sogenannten Peergroup. Sch\u00fcler\/innen schliessen sich zu \u00dcbungsgruppen zusammen und bereiten sich gemeinsam auf die theoretische und praktische Pr\u00fcfung vor. So wird sichergestellt dass jeder\/jede Kursteilnehmer\/in motiviert ist um f\u00fcr die Pr\u00fcfungen zu Lernen.<\/p>\n<p>[\/et_pb_text][et_pb_button button_text=&#8220;Zur\u00fcck zur vorherigen Seite&#8220; _builder_version=&#8220;4.14.9&#8243; _module_preset=&#8220;default&#8220; theme_builder_area=&#8220;post_content&#8220; button_url=&#8220;https:\/\/energie-massageschule.com\/ausbildungen\/&#8220; hover_enabled=&#8220;0&#8243; sticky_enabled=&#8220;0&#8243;][\/et_pb_button][\/et_pb_column][\/et_pb_row][\/et_pb_section]<\/p>\n","protected":false},"excerpt":{"rendered":"<p>Supervisions-TrainingEinige unserer Ausbildungen bieten dir ein Supervisions-Training an, welche dies sind kannst du aus dem jeweiligen Ausbildungsbeschreib entnehmen. SUPERVISIONS-TRAINING Dieses besteht aus exklusivem Unterricht bei dem\/der zust\u00e4ndigen Kursleiter\/in. Gearbeitet wird in geschlossenen Gruppen um auf die praktische Pr\u00fcfung vorzubereiten. Schwachstellen, Wissensl\u00fccken, Verst\u00e4ndnisprobleme k\u00f6nnen behoben werden. Es findet ein individuell auf jeden Teilnehmer\/in abgestimmter Unterricht statt. [&hellip;]<\/p>\n","protected":false},"author":1,"featured_media":0,"parent":0,"menu_order":0,"comment_status":"closed","ping_status":"closed","template":"","meta":{"_et_pb_use_builder":"on","_et_pb_old_content":"","_et_gb_content_width":"","footnotes":""},"class_list":["post-5072","page","type-page","status-publish","hentry"],"jetpack_sharing_enabled":true,"_links":{"self":[{"href":"https:\/\/energie-massageschule.com\/home\/wp-json\/wp\/v2\/pages\/5072","targetHints":{"allow":["GET"]}}],"collection":[{"href":"https:\/\/energie-massageschule.com\/home\/wp-json\/wp\/v2\/pages"}],"about":[{"href":"https:\/\/energie-massageschule.com\/home\/wp-json\/wp\/v2\/types\/page"}],"author":[{"embeddable":true,"href":"https:\/\/energie-massageschule.com\/home\/wp-json\/wp\/v2\/users\/1"}],"replies":[{"embeddable":true,"href":"https:\/\/energie-massageschule.com\/home\/wp-json\/wp\/v2\/comments?post=5072"}],"version-history":[{"count":2,"href":"https:\/\/energie-massageschule.com\/home\/wp-json\/wp\/v2\/pages\/5072\/revisions"}],"predecessor-version":[{"id":5075,"href":"https:\/\/energie-massageschule.com\/home\/wp-json\/wp\/v2\/pages\/5072\/revisions\/5075"}],"wp:attachment":[{"href":"https:\/\/energie-massageschule.com\/home\/wp-json\/wp\/v2\/media?parent=5072"}],"curies":[{"name":"wp","href":"https:\/\/api.w.org\/{rel}","templated":true}]}}