{"id":5067,"date":"2022-09-11T09:51:08","date_gmt":"2022-09-11T07:51:08","guid":{"rendered":"https:\/\/energie-massageschule.com\/?page_id=5067"},"modified":"2022-09-11T11:50:52","modified_gmt":"2022-09-11T09:50:52","slug":"fundierte-massageausbildungen","status":"publish","type":"page","link":"https:\/\/energie-massageschule.com\/home\/fundierte-massageausbildungen\/","title":{"rendered":"Fundierte Massageausbildungen"},"content":{"rendered":"<p>[et_pb_section fb_built=&#8220;1&#8243; _builder_version=&#8220;4.14.9&#8243; _module_preset=&#8220;default&#8220; global_colors_info=&#8220;{}&#8220;][et_pb_row _builder_version=&#8220;4.14.9&#8243; _module_preset=&#8220;default&#8220; global_colors_info=&#8220;{}&#8220;][et_pb_column type=&#8220;4_4&#8243; _builder_version=&#8220;4.14.9&#8243; _module_preset=&#8220;default&#8220; global_colors_info=&#8220;{}&#8220;][et_pb_text _builder_version=&#8220;4.14.9&#8243; _module_preset=&#8220;default&#8220; global_colors_info=&#8220;{}&#8220;]<\/p>\n<h1>Fundierte Massageausbildungen<\/h1>\n<p>[\/et_pb_text][et_pb_text _builder_version=&#8220;4.14.9&#8243; _module_preset=&#8220;default&#8220; text_font_size=&#8220;16px&#8220; global_colors_info=&#8220;{}&#8220;]<\/p>\n<p>Unsere Massageausbildungen gehen in die Tiefe. Du lernst alles was es braucht um den menschlichen K\u00f6rper und den Geist zu verstehen.<\/p>\n<p>Wir behandeln Themen wie:<\/p>\n<ul>\n<li>Anatomie<\/li>\n<li>Pathologie<\/li>\n<li>Physiologie<\/li>\n<li>Psychologie<\/li>\n<li>Sprititualit\u00e4t<\/li>\n<\/ul>\n<p>Wir arbeiten an den Kurstagen sehr praxisorientiert, wir vertiefen regelm\u00e4ssig und wir tauschen uns in Gruppen aus. Jeder Teilnehmer\/in ist eingeladen aktiv zu werden, und in eigenem Interesse mit den Mitsch\u00fcler\/innen Hausaufgabentrainings zu leisten.<\/p>\n<p>Die Kursleiter und Dozenten\/innen der Energie-Massageschule werden dir gerne behilflich sein bei all deinen Fragen und Anliegen. Es ist im Interesse von uns allen, dass du am Ende der Ausbildung Erfolgreich behandeln kannst. Wir bieten dir Unterst\u00fctzung bis hin zur Aufnahme einer selbst\u00e4ndigen Berufst\u00e4tigkeit als Masseur\/in oder Energetiker\/in.<\/p>\n<p>[\/et_pb_text][et_pb_button button_url=&#8220;https:\/\/energie-massageschule.com\/ausbildungen\/&#8220; button_text=&#8220;Zur\u00fcck zur vorherigen Seite&#8220; _builder_version=&#8220;4.14.9&#8243; _module_preset=&#8220;default&#8220; global_colors_info=&#8220;{}&#8220;][\/et_pb_button][\/et_pb_column][\/et_pb_row][\/et_pb_section]<\/p>\n","protected":false},"excerpt":{"rendered":"<p>Fundierte MassageausbildungenUnsere Massageausbildungen gehen in die Tiefe. Du lernst alles was es braucht um den menschlichen K\u00f6rper und den Geist zu verstehen. Wir behandeln Themen wie: Anatomie Pathologie Physiologie Psychologie Sprititualit\u00e4t Wir arbeiten an den Kurstagen sehr praxisorientiert, wir vertiefen regelm\u00e4ssig und wir tauschen uns in Gruppen aus. Jeder Teilnehmer\/in ist eingeladen aktiv zu werden, [&hellip;]<\/p>\n","protected":false},"author":1,"featured_media":0,"parent":0,"menu_order":0,"comment_status":"closed","ping_status":"closed","template":"","meta":{"_et_pb_use_builder":"on","_et_pb_old_content":"","_et_gb_content_width":"","footnotes":""},"class_list":["post-5067","page","type-page","status-publish","hentry"],"jetpack_sharing_enabled":true,"_links":{"self":[{"href":"https:\/\/energie-massageschule.com\/home\/wp-json\/wp\/v2\/pages\/5067","targetHints":{"allow":["GET"]}}],"collection":[{"href":"https:\/\/energie-massageschule.com\/home\/wp-json\/wp\/v2\/pages"}],"about":[{"href":"https:\/\/energie-massageschule.com\/home\/wp-json\/wp\/v2\/types\/page"}],"author":[{"embeddable":true,"href":"https:\/\/energie-massageschule.com\/home\/wp-json\/wp\/v2\/users\/1"}],"replies":[{"embeddable":true,"href":"https:\/\/energie-massageschule.com\/home\/wp-json\/wp\/v2\/comments?post=5067"}],"version-history":[{"count":4,"href":"https:\/\/energie-massageschule.com\/home\/wp-json\/wp\/v2\/pages\/5067\/revisions"}],"predecessor-version":[{"id":5108,"href":"https:\/\/energie-massageschule.com\/home\/wp-json\/wp\/v2\/pages\/5067\/revisions\/5108"}],"wp:attachment":[{"href":"https:\/\/energie-massageschule.com\/home\/wp-json\/wp\/v2\/media?parent=5067"}],"curies":[{"name":"wp","href":"https:\/\/api.w.org\/{rel}","templated":true}]}}