{"id":5061,"date":"2022-09-11T09:39:07","date_gmt":"2022-09-11T07:39:07","guid":{"rendered":"https:\/\/energie-massageschule.com\/?page_id=5061"},"modified":"2022-09-11T10:30:38","modified_gmt":"2022-09-11T08:30:38","slug":"theorie-und-anatomie-lernen","status":"publish","type":"page","link":"https:\/\/energie-massageschule.com\/home\/theorie-und-anatomie-lernen\/","title":{"rendered":"Theorie und Anatomie lernen"},"content":{"rendered":"<p>[et_pb_section fb_built=&#8220;1&#8243; _builder_version=&#8220;4.14.9&#8243; _module_preset=&#8220;default&#8220; global_colors_info=&#8220;{}&#8220;][et_pb_row _builder_version=&#8220;4.14.9&#8243; _module_preset=&#8220;default&#8220; global_colors_info=&#8220;{}&#8220;][et_pb_column type=&#8220;4_4&#8243; _builder_version=&#8220;4.14.9&#8243; _module_preset=&#8220;default&#8220; global_colors_info=&#8220;{}&#8220;][et_pb_text _builder_version=&#8220;4.14.9&#8243; _module_preset=&#8220;default&#8220; global_colors_info=&#8220;{}&#8220;]<\/p>\n<h1>Theorie und Anatomie lernen<\/h1>\n<p>[\/et_pb_text][et_pb_text _builder_version=&#8220;4.14.9&#8243; _module_preset=&#8220;default&#8220; text_font_size=&#8220;16px&#8220; global_colors_info=&#8220;{}&#8220;]<\/p>\n<p>Hast du schon einmal von KENHUB geh\u00f6rt? KENHUB ist der f\u00fchrende online Anbieter f\u00fcr Anatomie im deutschspracheigen Raum.<\/p>\n<p>KENHUB erm\u00f6glicht es dir, ganz entspannt von Zuhause aus zu lernen. Dir stehen zahlreiche Dokumentationen, Bilder, Lernvideos und Quizzes zur Verf\u00fcgung um deine Anatomiekentnisse aufzufrischen, oder von Grund auf anzueignen. Das gesamte menschliche System des K\u00f6rpers wird anschaulich erkl\u00e4rt und erleutert, du lernst jeden einzelnen Muskel des K\u00f6rpers kennen, und du verstehst die komplexen Zusammenh\u00e4nge und Funktionen des Skelettes und der Muskulatur.<\/p>\n<p><strong>MEDIZINSTUDENTEN &#8211; PHYSIOTHERAPEUTEN &#8211; CHIROPRAKTIKER<\/strong><\/p>\n<p>KENHUB wird von thausenden Studenten\/innen t\u00e4glich genutzt um besser, schneller und effizienter zu lernen und sich so auf ihre Pr\u00fcfungen vorzubereiten.<\/p>\n<p><strong>ANATOMIE VOR ORT<\/strong><\/p>\n<p>Im Rahmen deiner Ausbildung werden wir vor Ort an den Kurstagen auf die Massagespezifische Anatomie eingehen. Anschliessend kannst du dein Wissen verfeinern in dem du KENHUB nutzt um das vor Ort erlernte zu vertiefen.<\/p>\n<p><strong>IST ES SCHWIERIG ANATOMIE ZU LERNEN?<\/strong><\/p>\n<p>Nein Dank der Unterst\u00fctzung durch KENHUB und das gemeinsame Lernen vor Ort w\u00e4hrend den Kurstagen, wird es dir sehr leicht fallen die Anatomie des menschlichen K\u00f6rpers zu verstehen, die komplexen Zusammeh\u00e4nge zu lernen und die Muskulatur und das Skelett zu begreifen.<\/p>\n<p>[\/et_pb_text][et_pb_button button_url=&#8220;https:\/\/energie-massageschule.com\/ausbildungen\/&#8220; button_text=&#8220;zur\u00fcck zur vorherigen Seite&#8220; _builder_version=&#8220;4.14.9&#8243; _module_preset=&#8220;default&#8220; global_colors_info=&#8220;{}&#8220;][\/et_pb_button][\/et_pb_column][\/et_pb_row][\/et_pb_section]<\/p>\n","protected":false},"excerpt":{"rendered":"<p>Theorie und Anatomie lernenHast du schon einmal von KENHUB geh\u00f6rt? KENHUB ist der f\u00fchrende online Anbieter f\u00fcr Anatomie im deutschspracheigen Raum. KENHUB erm\u00f6glicht es dir, ganz entspannt von Zuhause aus zu lernen. Dir stehen zahlreiche Dokumentationen, Bilder, Lernvideos und Quizzes zur Verf\u00fcgung um deine Anatomiekentnisse aufzufrischen, oder von Grund auf anzueignen. Das gesamte menschliche System [&hellip;]<\/p>\n","protected":false},"author":1,"featured_media":0,"parent":0,"menu_order":0,"comment_status":"closed","ping_status":"closed","template":"","meta":{"_et_pb_use_builder":"on","_et_pb_old_content":"","_et_gb_content_width":"","footnotes":""},"class_list":["post-5061","page","type-page","status-publish","hentry"],"jetpack_sharing_enabled":true,"_links":{"self":[{"href":"https:\/\/energie-massageschule.com\/home\/wp-json\/wp\/v2\/pages\/5061","targetHints":{"allow":["GET"]}}],"collection":[{"href":"https:\/\/energie-massageschule.com\/home\/wp-json\/wp\/v2\/pages"}],"about":[{"href":"https:\/\/energie-massageschule.com\/home\/wp-json\/wp\/v2\/types\/page"}],"author":[{"embeddable":true,"href":"https:\/\/energie-massageschule.com\/home\/wp-json\/wp\/v2\/users\/1"}],"replies":[{"embeddable":true,"href":"https:\/\/energie-massageschule.com\/home\/wp-json\/wp\/v2\/comments?post=5061"}],"version-history":[{"count":3,"href":"https:\/\/energie-massageschule.com\/home\/wp-json\/wp\/v2\/pages\/5061\/revisions"}],"predecessor-version":[{"id":5082,"href":"https:\/\/energie-massageschule.com\/home\/wp-json\/wp\/v2\/pages\/5061\/revisions\/5082"}],"wp:attachment":[{"href":"https:\/\/energie-massageschule.com\/home\/wp-json\/wp\/v2\/media?parent=5061"}],"curies":[{"name":"wp","href":"https:\/\/api.w.org\/{rel}","templated":true}]}}